{"id":603,"date":"2025-12-28T04:46:28","date_gmt":"2025-12-28T04:46:28","guid":{"rendered":"https:\/\/metryca.com.gt\/es\/?page_id=603"},"modified":"2026-04-22T16:26:34","modified_gmt":"2026-04-22T16:26:34","slug":"quienes-somos","status":"publish","type":"page","link":"https:\/\/metryca.com.gt\/es\/quienes-somos\/","title":{"rendered":"Qui\u00e9nes Somos"},"content":{"rendered":"\t\t<div data-elementor-type=\"wp-page\" data-elementor-id=\"603\" class=\"elementor elementor-603\">\n\t\t\t\t\t\t<section class=\"elementor-section elementor-top-section elementor-element elementor-element-4ef73aa4 qode_elementor_container_inner elementor-section-boxed elementor-section-height-default elementor-section-height-default parallax_section_no\" data-id=\"4ef73aa4\" data-element_type=\"section\" data-e-type=\"section\">\n\t\t\t\t\t\t<div class=\"elementor-container elementor-column-gap-default\">\n\t\t\t\t\t<div class=\"elementor-column elementor-col-100 elementor-top-column elementor-element elementor-element-62bc3538\" data-id=\"62bc3538\" data-element_type=\"column\" data-e-type=\"column\">\n\t\t\t<div class=\"elementor-widget-wrap elementor-element-populated\">\n\t\t\t\t\t\t<div class=\"elementor-element elementor-element-36d2da4e elementor-widget elementor-widget-text-editor\" data-id=\"36d2da4e\" data-element_type=\"widget\" data-e-type=\"widget\" data-widget_type=\"text-editor.default\">\n\t\t\t\t\t\t\t\t\t<h2 style=\"text-align: center;\">Qui\u00e9nes Somos<\/h2>\t\t\t\t\t\t\t\t<\/div>\n\t\t\t\t<div class=\"elementor-element elementor-element-0f1aca4 elementor-widget elementor-widget-text-editor\" data-id=\"0f1aca4\" data-element_type=\"widget\" data-e-type=\"widget\" data-widget_type=\"text-editor.default\">\n\t\t\t\t\t\t\t\t\t<h4 style=\"text-align: center;\">Metrolog\u00eda y Calidad, S.A.<\/h4>\t\t\t\t\t\t\t\t<\/div>\n\t\t\t\t\t<\/div>\n\t\t<\/div>\n\t\t\t\t\t<\/div>\n\t\t<\/section>\n\t\t\t\t<section class=\"elementor-section elementor-top-section elementor-element elementor-element-e106b42 qode_elementor_container_inner elementor-section-boxed elementor-section-height-default elementor-section-height-default parallax_section_no\" data-id=\"e106b42\" data-element_type=\"section\" data-e-type=\"section\">\n\t\t\t\t\t\t<div class=\"elementor-container elementor-column-gap-default\">\n\t\t\t\t\t<div class=\"elementor-column elementor-col-50 elementor-top-column elementor-element elementor-element-36b69a8\" data-id=\"36b69a8\" data-element_type=\"column\" data-e-type=\"column\">\n\t\t\t<div class=\"elementor-widget-wrap elementor-element-populated\">\n\t\t\t\t\t\t<div class=\"elementor-element elementor-element-47ea183 elementor-widget elementor-widget-image\" data-id=\"47ea183\" data-element_type=\"widget\" data-e-type=\"widget\" data-widget_type=\"image.default\">\n\t\t\t\t\t\t\t\t\t\t\t\t\t\t\t<img fetchpriority=\"high\" decoding=\"async\" width=\"600\" height=\"400\" src=\"https:\/\/metryca.com.gt\/es\/wp-content\/uploads\/2025\/12\/quienes-somos-metryca.jpg\" class=\"attachment-large size-large wp-image-608\" alt=\"\" srcset=\"https:\/\/metryca.com.gt\/es\/wp-content\/uploads\/2025\/12\/quienes-somos-metryca.jpg 600w, https:\/\/metryca.com.gt\/es\/wp-content\/uploads\/2025\/12\/quienes-somos-metryca-300x200.jpg 300w\" sizes=\"(max-width: 600px) 100vw, 600px\" \/>\t\t\t\t\t\t\t\t\t\t\t\t\t\t\t<\/div>\n\t\t\t\t\t<\/div>\n\t\t<\/div>\n\t\t\t\t<div class=\"elementor-column elementor-col-50 elementor-top-column elementor-element elementor-element-c568edb\" data-id=\"c568edb\" data-element_type=\"column\" data-e-type=\"column\">\n\t\t\t<div class=\"elementor-widget-wrap elementor-element-populated\">\n\t\t\t\t\t\t<div class=\"elementor-element elementor-element-ed6e246 elementor-widget elementor-widget-text-editor\" data-id=\"ed6e246\" data-element_type=\"widget\" data-e-type=\"widget\" data-widget_type=\"text-editor.default\">\n\t\t\t\t\t\t\t\t\t<p>Creemos que la calidad no es una opci\u00f3n, sino el pilar fundamental del progreso. Con esa convicci\u00f3n naci\u00f3 en 2005 <em>Soluciones T\u00e9cnicas, <\/em>un proyecto personal con un prop\u00f3sito claro: equipar a la industria con herramientas de pesaje precisas y confiables, respaldadas por un servicio de primer nivel.<\/p>\t\t\t\t\t\t\t\t<\/div>\n\t\t\t\t<div class=\"elementor-element elementor-element-875b642 elementor-widget elementor-widget-text-editor\" data-id=\"875b642\" data-element_type=\"widget\" data-e-type=\"widget\" data-widget_type=\"text-editor.default\">\n\t\t\t\t\t\t\t\t\t<p>Nuestro viaje ha sido una b\u00fasqueda constante de la excelencia. Esa misma b\u00fasqueda nos llev\u00f3, en 2017, a convertirnos en <strong>METROLOGIA Y CALIDAD, S.A.<\/strong>, un nombre que refleja nuestro compromiso total con el aseguramiento de la calidad en cada proceso. A trav\u00e9s de crisis y adversidades, nuestro prop\u00f3sito se mantuvo firme y orientado hacia el futuro.<\/p>\t\t\t\t\t\t\t\t<\/div>\n\t\t\t\t<div class=\"elementor-element elementor-element-6fda310 elementor-widget elementor-widget-text-editor\" data-id=\"6fda310\" data-element_type=\"widget\" data-e-type=\"widget\" data-widget_type=\"text-editor.default\">\n\t\t\t\t\t\t\t\t\t<p>Hoy, 20 a\u00f1os despu\u00e9s, esa misi\u00f3n es m\u00e1s fuerte que nunca. Cada nueva marca que incorporamos y cada paso que damos, incluyendo la creaci\u00f3n de nuestra tienda en l\u00ednea, tiene un mismo objetivo: fortalecer la industria guatemalteca, garantizando que la calidad y la precisi\u00f3n est\u00e9n al alcance de todos.<\/p>\t\t\t\t\t\t\t\t<\/div>\n\t\t\t\t\t<\/div>\n\t\t<\/div>\n\t\t\t\t\t<\/div>\n\t\t<\/section>\n\t\t\t\t<\/div>\n\t\t","protected":false},"excerpt":{"rendered":"<p>Qui\u00e9nes Somos Metrolog\u00eda y Calidad, S.A. Creemos que la calidad no es una opci\u00f3n, sino el pilar fundamental del progreso. Con esa convicci\u00f3n naci\u00f3 en 2005 Soluciones T\u00e9cnicas, un proyecto personal con un prop\u00f3sito claro: equipar a la industria con herramientas de pesaje precisas y&#8230;<\/p>\n","protected":false},"author":1,"featured_media":0,"parent":0,"menu_order":0,"comment_status":"closed","ping_status":"closed","template":"full_width.php","meta":{"content-type":"","footnotes":""},"class_list":["post-603","page","type-page","status-publish","hentry"],"_links":{"self":[{"href":"https:\/\/metryca.com.gt\/es\/wp-json\/wp\/v2\/pages\/603","targetHints":{"allow":["GET"]}}],"collection":[{"href":"https:\/\/metryca.com.gt\/es\/wp-json\/wp\/v2\/pages"}],"about":[{"href":"https:\/\/metryca.com.gt\/es\/wp-json\/wp\/v2\/types\/page"}],"author":[{"embeddable":true,"href":"https:\/\/metryca.com.gt\/es\/wp-json\/wp\/v2\/users\/1"}],"replies":[{"embeddable":true,"href":"https:\/\/metryca.com.gt\/es\/wp-json\/wp\/v2\/comments?post=603"}],"version-history":[{"count":13,"href":"https:\/\/metryca.com.gt\/es\/wp-json\/wp\/v2\/pages\/603\/revisions"}],"predecessor-version":[{"id":618,"href":"https:\/\/metryca.com.gt\/es\/wp-json\/wp\/v2\/pages\/603\/revisions\/618"}],"wp:attachment":[{"href":"https:\/\/metryca.com.gt\/es\/wp-json\/wp\/v2\/media?parent=603"}],"curies":[{"name":"wp","href":"https:\/\/api.w.org\/{rel}","templated":true}]}}