{"id":413,"date":"2025-12-27T04:00:20","date_gmt":"2025-12-27T04:00:20","guid":{"rendered":"https:\/\/metryca.com.gt\/es\/?post_type=product&#038;p=413"},"modified":"2026-04-30T20:23:55","modified_gmt":"2026-04-30T20:23:55","slug":"valor-1000","status":"publish","type":"product","link":"https:\/\/metryca.com.gt\/es\/producto\/valor-1000\/","title":{"rendered":"Valor 1000"},"content":{"rendered":"<p>La serie <strong>Valor 1000<\/strong> es una balanza confiable para el pesaje de alimentos en ambientes secos. Cuenta con certificaci\u00f3n USDA y NSF, que aseguran que su dise\u00f1o es seguro para el contacto con alimentos y cumple con est\u00e1ndares de higiene. Tambi\u00e9n es compatible con sistemas HACCP, utilizados para controlar la seguridad en la preparaci\u00f3n de alimentos. Su operaci\u00f3n es muy sencilla gracias a sus dos botones y pantalla LCD retroiluminada. Incluye plato de acero inoxidable y cubierta protectora para mayor durabilidad.<\/p>\n<p>Es ideal para establecimientos que necesitan una balanza resistente y f\u00e1cil de usar en tareas diarias de alimentos.<\/p>\n","protected":false},"excerpt":{"rendered":"<h4>V12P3<\/h4>\n<p><strong>Capacidad m\u00e1xima:<\/strong> 3000 g<\/p>\n<p><strong>Resoluci\u00f3n:<\/strong> 0.5 g<\/p>\n<p><strong>Tama\u00f1o del plato:<\/strong> 24.5 cm x 19 cm<\/p>\n<p>&nbsp;<\/p>\n<p>&nbsp;<\/p>\n","protected":false},"featured_media":415,"comment_status":"open","ping_status":"closed","template":"","meta":{"content-type":""},"product_brand":[],"product_cat":[45],"product_tag":[],"class_list":{"0":"post-413","1":"product","2":"type-product","3":"status-publish","4":"has-post-thumbnail","6":"product_cat-balanzas-de-mesa-compactas","8":"first","9":"instock","10":"shipping-taxable","11":"purchasable","12":"product-type-simple"},"_links":{"self":[{"href":"https:\/\/metryca.com.gt\/es\/wp-json\/wp\/v2\/product\/413","targetHints":{"allow":["GET"]}}],"collection":[{"href":"https:\/\/metryca.com.gt\/es\/wp-json\/wp\/v2\/product"}],"about":[{"href":"https:\/\/metryca.com.gt\/es\/wp-json\/wp\/v2\/types\/product"}],"replies":[{"embeddable":true,"href":"https:\/\/metryca.com.gt\/es\/wp-json\/wp\/v2\/comments?post=413"}],"wp:featuredmedia":[{"embeddable":true,"href":"https:\/\/metryca.com.gt\/es\/wp-json\/wp\/v2\/media\/415"}],"wp:attachment":[{"href":"https:\/\/metryca.com.gt\/es\/wp-json\/wp\/v2\/media?parent=413"}],"wp:term":[{"taxonomy":"product_brand","embeddable":true,"href":"https:\/\/metryca.com.gt\/es\/wp-json\/wp\/v2\/product_brand?post=413"},{"taxonomy":"product_cat","embeddable":true,"href":"https:\/\/metryca.com.gt\/es\/wp-json\/wp\/v2\/product_cat?post=413"},{"taxonomy":"product_tag","embeddable":true,"href":"https:\/\/metryca.com.gt\/es\/wp-json\/wp\/v2\/product_tag?post=413"}],"curies":[{"name":"wp","href":"https:\/\/api.w.org\/{rel}","templated":true}]}}