{"id":816,"date":"2026-01-01T00:01:10","date_gmt":"2026-01-01T00:01:10","guid":{"rendered":"https:\/\/metryca.com.gt\/es\/?post_type=product&#038;p=816"},"modified":"2026-04-30T20:00:37","modified_gmt":"2026-04-30T20:00:37","slug":"defender-2500-i-dfd25","status":"publish","type":"product","link":"https:\/\/metryca.com.gt\/es\/producto\/defender-2500-i-dfd25\/","title":{"rendered":"Defender 2500, I-DFD25"},"content":{"rendered":"<p>La b\u00e1scula de tambor con rampa Defender 2500 es una b\u00e1scula de sobresuelo port\u00e1til y duradera dise\u00f1ada para aplicaciones industriales. La Defender 2500 cuenta con una plataforma de acero al carbono con recubrimiento en polvo, rampas de acceso delanteras y traseras incorporadas, cuatro celdas de carga y el nuevo indicador i-DT25P para mostrar de forma clara los resultados de pesaje. Incluye abrazaderas plegables de acero inoxidable para guardar el cable indicador de 20 pies (6 m). Para un transporte r\u00e1pido, la base puede girarse lateralmente con los mangos de acero inoxidable y desplazarse por el taller con las dos ruedas integradas.<\/p>\n","protected":false},"excerpt":{"rendered":"<h4>I-DFD25P2500E1R<\/h4>\n<p><strong>Capacidad m\u00e1xima:<\/strong> 1.250 kg<\/p>\n<p><strong>Resoluci\u00f3n:<\/strong> 0.2 kg<\/p>\n<p><strong>Tama\u00f1o de plataforma:<\/strong> 91.44 cm x 91.44 cm<\/p>\n<p>&nbsp;<\/p>\n<p>&nbsp;<\/p>\n<p>&nbsp;<\/p>\n","protected":false},"featured_media":820,"comment_status":"open","ping_status":"closed","template":"","meta":{"content-type":""},"product_brand":[],"product_cat":[56,46],"product_tag":[],"class_list":{"0":"post-816","1":"product","2":"type-product","3":"status-publish","4":"has-post-thumbnail","6":"product_cat-basculas-de-piso","7":"product_cat-pesaje-industrial","9":"first","10":"instock","11":"shipping-taxable","12":"purchasable","13":"product-type-simple"},"_links":{"self":[{"href":"https:\/\/metryca.com.gt\/es\/wp-json\/wp\/v2\/product\/816","targetHints":{"allow":["GET"]}}],"collection":[{"href":"https:\/\/metryca.com.gt\/es\/wp-json\/wp\/v2\/product"}],"about":[{"href":"https:\/\/metryca.com.gt\/es\/wp-json\/wp\/v2\/types\/product"}],"replies":[{"embeddable":true,"href":"https:\/\/metryca.com.gt\/es\/wp-json\/wp\/v2\/comments?post=816"}],"wp:featuredmedia":[{"embeddable":true,"href":"https:\/\/metryca.com.gt\/es\/wp-json\/wp\/v2\/media\/820"}],"wp:attachment":[{"href":"https:\/\/metryca.com.gt\/es\/wp-json\/wp\/v2\/media?parent=816"}],"wp:term":[{"taxonomy":"product_brand","embeddable":true,"href":"https:\/\/metryca.com.gt\/es\/wp-json\/wp\/v2\/product_brand?post=816"},{"taxonomy":"product_cat","embeddable":true,"href":"https:\/\/metryca.com.gt\/es\/wp-json\/wp\/v2\/product_cat?post=816"},{"taxonomy":"product_tag","embeddable":true,"href":"https:\/\/metryca.com.gt\/es\/wp-json\/wp\/v2\/product_tag?post=816"}],"curies":[{"name":"wp","href":"https:\/\/api.w.org\/{rel}","templated":true}]}}