{"id":826,"date":"2026-01-01T00:01:57","date_gmt":"2026-01-01T00:01:57","guid":{"rendered":"https:\/\/metryca.com.gt\/es\/?post_type=product&#038;p=826"},"modified":"2026-04-30T20:03:13","modified_gmt":"2026-04-30T20:03:13","slug":"defender-3000-i-df","status":"publish","type":"product","link":"https:\/\/metryca.com.gt\/es\/producto\/defender-3000-i-df\/","title":{"rendered":"Defender 3000 Lavable, I-DF"},"content":{"rendered":"<p>Las plataformas de piso Defender 3000 satisfacen las necesidades de pesaje lavable en uso industrial y comercial. Su construcci\u00f3n de alta calidad est\u00e1 dise\u00f1ada para minimizar la flexi\u00f3n bajo cargas pesadas durante a\u00f1os de rendimiento confiable. Las plataformas de sobresuelo de la serie Defender 3000 ofrecen una combinaci\u00f3n \u00fanica de valor y fiabilidad en la que su empresa puede confiar. Las bases de acero inoxidable incluyen celdas de carga IP68 para zonas h\u00famedas. Hay rampas y placas de montaje disponibles.<\/p>\n","protected":false},"excerpt":{"rendered":"<h4>I-DF5000C1X<\/h4>\n<p><strong>Capacidad m\u00e1xima:<\/strong> 2.500 kg<\/p>\n<p><strong>Resoluci\u00f3n:<\/strong> 0.5 g<\/p>\n<p><strong>Tama\u00f1o de plataforma:<\/strong> 1.52 m x 1.52 m <\/p>\n<p>&nbsp;<\/p>\n<p>&nbsp;<\/p>\n<p>&nbsp;<\/p>\n","protected":false},"featured_media":827,"comment_status":"open","ping_status":"closed","template":"","meta":{"content-type":""},"product_brand":[],"product_cat":[56,46],"product_tag":[],"class_list":{"0":"post-826","1":"product","2":"type-product","3":"status-publish","4":"has-post-thumbnail","6":"product_cat-basculas-de-piso","7":"product_cat-pesaje-industrial","9":"first","10":"instock","11":"shipping-taxable","12":"purchasable","13":"product-type-simple"},"_links":{"self":[{"href":"https:\/\/metryca.com.gt\/es\/wp-json\/wp\/v2\/product\/826","targetHints":{"allow":["GET"]}}],"collection":[{"href":"https:\/\/metryca.com.gt\/es\/wp-json\/wp\/v2\/product"}],"about":[{"href":"https:\/\/metryca.com.gt\/es\/wp-json\/wp\/v2\/types\/product"}],"replies":[{"embeddable":true,"href":"https:\/\/metryca.com.gt\/es\/wp-json\/wp\/v2\/comments?post=826"}],"wp:featuredmedia":[{"embeddable":true,"href":"https:\/\/metryca.com.gt\/es\/wp-json\/wp\/v2\/media\/827"}],"wp:attachment":[{"href":"https:\/\/metryca.com.gt\/es\/wp-json\/wp\/v2\/media?parent=826"}],"wp:term":[{"taxonomy":"product_brand","embeddable":true,"href":"https:\/\/metryca.com.gt\/es\/wp-json\/wp\/v2\/product_brand?post=826"},{"taxonomy":"product_cat","embeddable":true,"href":"https:\/\/metryca.com.gt\/es\/wp-json\/wp\/v2\/product_cat?post=826"},{"taxonomy":"product_tag","embeddable":true,"href":"https:\/\/metryca.com.gt\/es\/wp-json\/wp\/v2\/product_tag?post=826"}],"curies":[{"name":"wp","href":"https:\/\/api.w.org\/{rel}","templated":true}]}}